{"id":6447,"date":"2021-10-25T14:27:27","date_gmt":"2021-10-25T17:27:27","guid":{"rendered":"http:\/\/institutoacqua.org.br\/ead\/?page_id=6447"},"modified":"2021-12-21T11:53:49","modified_gmt":"2021-12-21T13:53:49","slug":"cultura","status":"publish","type":"page","link":"http:\/\/institutoacqua.org.br\/ead\/cursos-acqua\/cultura\/","title":{"rendered":"Cultura"},"content":{"rendered":"<div class=\"thm-grid-items-4 thm-grid-items\"><div class=\"tutor-course-grid-item\"><div class=\"tutor-course-grid-content\"><div class=\"tutor-course-overlay\"><img decoding=\"async\" src=\"http:\/\/institutoacqua.org.br\/ead\/wp-content\/uploads\/2021\/11\/1E993CE3-02EE-4260-AA36-FD5EC5C15416.png\" class=\"img-responsive\" \/><div class=\"tutor-course-grid-level-wishlist\"><span class=\"tutor-course-grid-level\">Iniciante<\/span><span class=\"tutor-course-grid-wishlist tutor-course-wishlist\"><a href=\"javascript:;\" class=\"tutor-icon-fav-line tutor-course-wishlist-btn  \" data-course-id=\"6447\"><\/a><\/span><\/div><div class=\"tutor-course-grid-enroll\"><a href=\"http:\/\/institutoacqua.org.br\/ead\/courses\/yoga-e-meditacao\/\" class=\"btn btn-classic btn-no-fill\">Veja Detalhes<\/a><\/div><\/div><h3 class=\"tutor-courses-grid-title\"><a href=\"http:\/\/institutoacqua.org.br\/ead\/courses\/yoga-e-meditacao\/\">Yoga e Medita\u00e7\u00e3o<\/a><\/h3><div class=\"tutor-courses-grid-price\">\t<div class=\"price\">\n\t\tGratuito\t<\/div>\n\t<\/div><\/div><\/div><div class=\"tutor-course-grid-item\"><div class=\"tutor-course-grid-content\"><div class=\"tutor-course-overlay\"><img decoding=\"async\" src=\"http:\/\/institutoacqua.org.br\/ead\/wp-content\/uploads\/2021\/11\/2E70AC65-F2DF-49AB-A77B-68D285FA6ADB.png\" class=\"img-responsive\" \/><div class=\"tutor-course-grid-level-wishlist\"><span class=\"tutor-course-grid-level\">Iniciante<\/span><span class=\"tutor-course-grid-wishlist tutor-course-wishlist\"><a href=\"javascript:;\" class=\"tutor-icon-fav-line tutor-course-wishlist-btn  \" data-course-id=\"6532\"><\/a><\/span><\/div><div class=\"tutor-course-grid-enroll\"><a href=\"http:\/\/institutoacqua.org.br\/ead\/courses\/violao-brasileiro\/\" class=\"btn btn-classic btn-no-fill\">Veja Detalhes<\/a><\/div><\/div><h3 class=\"tutor-courses-grid-title\"><a href=\"http:\/\/institutoacqua.org.br\/ead\/courses\/violao-brasileiro\/\">Viol\u00e3o Brasileiro<\/a><\/h3><div class=\"tutor-courses-grid-price\">\t<div class=\"price\">\n\t\tGratuito\t<\/div>\n\t<\/div><\/div><\/div><div class=\"tutor-course-grid-item\"><div class=\"tutor-course-grid-content\"><div class=\"tutor-course-overlay\"><img decoding=\"async\" src=\"http:\/\/institutoacqua.org.br\/ead\/wp-content\/uploads\/2021\/12\/7678BB66-DE85-47EB-87EA-74D515B2D47C.png\" class=\"img-responsive\" \/><div class=\"tutor-course-grid-level-wishlist\"><span class=\"tutor-course-grid-level\">Iniciante<\/span><span class=\"tutor-course-grid-wishlist tutor-course-wishlist\"><a href=\"javascript:;\" class=\"tutor-icon-fav-line tutor-course-wishlist-btn  \" data-course-id=\"6540\"><\/a><\/span><\/div><div class=\"tutor-course-grid-enroll\"><a href=\"http:\/\/institutoacqua.org.br\/ead\/courses\/vinil-ao-streaming\/\" class=\"btn btn-classic btn-no-fill\">Veja Detalhes<\/a><\/div><\/div><h3 class=\"tutor-courses-grid-title\"><a href=\"http:\/\/institutoacqua.org.br\/ead\/courses\/vinil-ao-streaming\/\">Vinil ao Streaming<\/a><\/h3><div class=\"tutor-courses-grid-price\">\t<div class=\"price\">\n\t\tGratuito\t<\/div>\n\t<\/div><\/div><\/div><div class=\"tutor-course-grid-item\"><div class=\"tutor-course-grid-content\"><div class=\"tutor-course-overlay\"><img decoding=\"async\" src=\"http:\/\/institutoacqua.org.br\/ead\/wp-content\/uploads\/2021\/12\/89C58505-6840-4F4C-955B-C9B98E1D37C8.png\" class=\"img-responsive\" \/><div class=\"tutor-course-grid-level-wishlist\"><span class=\"tutor-course-grid-level\">Iniciante<\/span><span class=\"tutor-course-grid-wishlist tutor-course-wishlist\"><a href=\"javascript:;\" class=\"tutor-icon-fav-line tutor-course-wishlist-btn  \" data-course-id=\"6684\"><\/a><\/span><\/div><div class=\"tutor-course-grid-enroll\"><a href=\"http:\/\/institutoacqua.org.br\/ead\/courses\/musica-livre\/\" class=\"btn btn-classic btn-no-fill\">Veja Detalhes<\/a><\/div><\/div><h3 class=\"tutor-courses-grid-title\"><a href=\"http:\/\/institutoacqua.org.br\/ead\/courses\/musica-livre\/\">M\u00fasica Livre<\/a><\/h3><div class=\"tutor-courses-grid-price\">\t<div class=\"price\">\n\t\tGratuito\t<\/div>\n\t<\/div><\/div><\/div><div class=\"tutor-course-grid-item\"><div class=\"tutor-course-grid-content\"><div class=\"tutor-course-overlay\"><img decoding=\"async\" src=\"http:\/\/institutoacqua.org.br\/ead\/wp-content\/uploads\/2021\/11\/D24DA16F-EB82-4FF5-AF5E-6D74CC83C26A.png\" class=\"img-responsive\" \/><div class=\"tutor-course-grid-level-wishlist\"><span class=\"tutor-course-grid-level\">Iniciante<\/span><span class=\"tutor-course-grid-wishlist tutor-course-wishlist\"><a href=\"javascript:;\" class=\"tutor-icon-fav-line tutor-course-wishlist-btn  \" data-course-id=\"6630\"><\/a><\/span><\/div><div class=\"tutor-course-grid-enroll\"><a href=\"http:\/\/institutoacqua.org.br\/ead\/courses\/literatura-antirracista\/\" class=\"btn btn-classic btn-no-fill\">Veja Detalhes<\/a><\/div><\/div><h3 class=\"tutor-courses-grid-title\"><a href=\"http:\/\/institutoacqua.org.br\/ead\/courses\/literatura-antirracista\/\">Literatura Infantil Antirracista<\/a><\/h3><div class=\"tutor-courses-grid-price\">\t<div class=\"price\">\n\t\tGratuito\t<\/div>\n\t<\/div><\/div><\/div><div class=\"tutor-course-grid-item\"><div class=\"tutor-course-grid-content\"><div class=\"tutor-course-overlay\"><img decoding=\"async\" src=\"http:\/\/institutoacqua.org.br\/ead\/wp-content\/uploads\/2021\/12\/77E2DD3A-38FC-419E-8B8A-CB61FC037DA2.png\" class=\"img-responsive\" \/><div class=\"tutor-course-grid-level-wishlist\"><span class=\"tutor-course-grid-level\">Iniciante<\/span><span class=\"tutor-course-grid-wishlist tutor-course-wishlist\"><a href=\"javascript:;\" class=\"tutor-icon-fav-line tutor-course-wishlist-btn  \" data-course-id=\"6536\"><\/a><\/span><\/div><div class=\"tutor-course-grid-enroll\"><a href=\"http:\/\/institutoacqua.org.br\/ead\/courses\/instalacao-sonora-e-instrumentos\/\" class=\"btn btn-classic btn-no-fill\">Veja Detalhes<\/a><\/div><\/div><h3 class=\"tutor-courses-grid-title\"><a href=\"http:\/\/institutoacqua.org.br\/ead\/courses\/instalacao-sonora-e-instrumentos\/\">Instala\u00e7\u00e3o Sonora e Instrumentos<\/a><\/h3><div class=\"tutor-courses-grid-price\">\t<div class=\"price\">\n\t\tGratuito\t<\/div>\n\t<\/div><\/div><\/div><div class=\"tutor-course-grid-item\"><div class=\"tutor-course-grid-content\"><div class=\"tutor-course-overlay\"><img decoding=\"async\" src=\"http:\/\/institutoacqua.org.br\/ead\/wp-content\/uploads\/2021\/12\/E61A5707-5430-4ECA-A25C-DEB93FF6752A.png\" class=\"img-responsive\" \/><div class=\"tutor-course-grid-level-wishlist\"><span class=\"tutor-course-grid-level\">Iniciante<\/span><span class=\"tutor-course-grid-wishlist tutor-course-wishlist\"><a href=\"javascript:;\" class=\"tutor-icon-fav-line tutor-course-wishlist-btn  \" data-course-id=\"6635\"><\/a><\/span><\/div><div class=\"tutor-course-grid-enroll\"><a href=\"http:\/\/institutoacqua.org.br\/ead\/courses\/fotografia-de-produto\/\" class=\"btn btn-classic btn-no-fill\">Veja Detalhes<\/a><\/div><\/div><h3 class=\"tutor-courses-grid-title\"><a href=\"http:\/\/institutoacqua.org.br\/ead\/courses\/fotografia-de-produto\/\">Fotografia de Produto<\/a><\/h3><div class=\"tutor-courses-grid-price\">\t<div class=\"price\">\n\t\tGratuito\t<\/div>\n\t<\/div><\/div><\/div><div class=\"tutor-course-grid-item\"><div class=\"tutor-course-grid-content\"><div class=\"tutor-course-overlay\"><img decoding=\"async\" src=\"http:\/\/institutoacqua.org.br\/ead\/wp-content\/uploads\/2021\/12\/38A138B4-8D34-48E3-A373-93AA37E41E96.png\" class=\"img-responsive\" \/><div class=\"tutor-course-grid-level-wishlist\"><span class=\"tutor-course-grid-level\">Iniciante<\/span><span class=\"tutor-course-grid-wishlist tutor-course-wishlist\"><a href=\"javascript:;\" class=\"tutor-icon-fav-line tutor-course-wishlist-btn  \" data-course-id=\"6640\"><\/a><\/span><\/div><div class=\"tutor-course-grid-enroll\"><a href=\"http:\/\/institutoacqua.org.br\/ead\/courses\/flauta-doce\/\" class=\"btn btn-classic btn-no-fill\">Veja Detalhes<\/a><\/div><\/div><h3 class=\"tutor-courses-grid-title\"><a href=\"http:\/\/institutoacqua.org.br\/ead\/courses\/flauta-doce\/\">Flauta Doce<\/a><\/h3><div class=\"tutor-courses-grid-price\">\t<div class=\"price\">\n\t\tGratuito\t<\/div>\n\t<\/div><\/div><\/div><div class=\"tutor-course-grid-item\"><div class=\"tutor-course-grid-content\"><div class=\"tutor-course-overlay\"><img decoding=\"async\" src=\"http:\/\/institutoacqua.org.br\/ead\/wp-content\/uploads\/2021\/12\/58703958-6326-4CAC-A605-FEA15CF460A7.png\" class=\"img-responsive\" \/><div class=\"tutor-course-grid-level-wishlist\"><span class=\"tutor-course-grid-level\">Iniciante<\/span><span class=\"tutor-course-grid-wishlist tutor-course-wishlist\"><a href=\"javascript:;\" class=\"tutor-icon-fav-line tutor-course-wishlist-btn  \" data-course-id=\"6645\"><\/a><\/span><\/div><div class=\"tutor-course-grid-enroll\"><a href=\"http:\/\/institutoacqua.org.br\/ead\/courses\/extra-show-literomusical-encontros-e-encantos\/\" class=\"btn btn-classic btn-no-fill\">Veja Detalhes<\/a><\/div><\/div><h3 class=\"tutor-courses-grid-title\"><a href=\"http:\/\/institutoacqua.org.br\/ead\/courses\/extra-show-literomusical-encontros-e-encantos\/\">Extra: show literomusical Encontros e Encantos<\/a><\/h3><div class=\"tutor-courses-grid-price\">\t<div class=\"price\">\n\t\tGratuito\t<\/div>\n\t<\/div><\/div><\/div><div class=\"tutor-course-grid-item\"><div class=\"tutor-course-grid-content\"><div class=\"tutor-course-overlay\"><img decoding=\"async\" src=\"http:\/\/institutoacqua.org.br\/ead\/wp-content\/uploads\/2021\/11\/7B381891-AD1D-40C2-81CA-3FEECF15E326.png\" class=\"img-responsive\" \/><div class=\"tutor-course-grid-level-wishlist\"><span class=\"tutor-course-grid-level\">Iniciante<\/span><span class=\"tutor-course-grid-wishlist tutor-course-wishlist\"><a href=\"javascript:;\" class=\"tutor-icon-fav-line tutor-course-wishlist-btn  \" data-course-id=\"6690\"><\/a><\/span><\/div><div class=\"tutor-course-grid-enroll\"><a href=\"http:\/\/institutoacqua.org.br\/ead\/courses\/culinaria-vegana\/\" class=\"btn btn-classic btn-no-fill\">Veja Detalhes<\/a><\/div><\/div><h3 class=\"tutor-courses-grid-title\"><a href=\"http:\/\/institutoacqua.org.br\/ead\/courses\/culinaria-vegana\/\">Culin\u00e1ria Vegana<\/a><\/h3><div class=\"tutor-courses-grid-price\">\t<div class=\"price\">\n\t\tGratuito\t<\/div>\n\t<\/div><\/div><\/div><div class=\"tutor-course-grid-item\"><div class=\"tutor-course-grid-content\"><div class=\"tutor-course-overlay\"><img decoding=\"async\" src=\"http:\/\/institutoacqua.org.br\/ead\/wp-content\/uploads\/2021\/12\/EC2DD9DC-DAED-451E-B37C-62B4355D7BD3.png\" class=\"img-responsive\" \/><div class=\"tutor-course-grid-level-wishlist\"><span class=\"tutor-course-grid-level\">Iniciante<\/span><span class=\"tutor-course-grid-wishlist tutor-course-wishlist\"><a href=\"javascript:;\" class=\"tutor-icon-fav-line tutor-course-wishlist-btn  \" data-course-id=\"6544\"><\/a><\/span><\/div><div class=\"tutor-course-grid-enroll\"><a href=\"http:\/\/institutoacqua.org.br\/ead\/courses\/capoeira-e-saude\/\" class=\"btn btn-classic btn-no-fill\">Veja Detalhes<\/a><\/div><\/div><h3 class=\"tutor-courses-grid-title\"><a href=\"http:\/\/institutoacqua.org.br\/ead\/courses\/capoeira-e-saude\/\">Capoeira, Sa\u00fade e Educa\u00e7\u00e3o<\/a><\/h3><div class=\"tutor-courses-grid-price\">\t<div class=\"price\">\n\t\tGratuito\t<\/div>\n\t<\/div><\/div><\/div><div class=\"tutor-course-grid-item\"><div class=\"tutor-course-grid-content\"><div class=\"tutor-course-overlay\"><img decoding=\"async\" src=\"http:\/\/institutoacqua.org.br\/ead\/wp-content\/uploads\/2021\/12\/75763FDB-A74C-4F38-B6DC-B128FE3C485D.png\" class=\"img-responsive\" \/><div class=\"tutor-course-grid-level-wishlist\"><span class=\"tutor-course-grid-level\">Iniciante<\/span><span class=\"tutor-course-grid-wishlist tutor-course-wishlist\"><a href=\"javascript:;\" class=\"tutor-icon-fav-line tutor-course-wishlist-btn  \" data-course-id=\"6655\"><\/a><\/span><\/div><div class=\"tutor-course-grid-enroll\"><a href=\"http:\/\/institutoacqua.org.br\/ead\/courses\/artesanato-e-geracao-de-renda\/\" class=\"btn btn-classic btn-no-fill\">Veja Detalhes<\/a><\/div><\/div><h3 class=\"tutor-courses-grid-title\"><a href=\"http:\/\/institutoacqua.org.br\/ead\/courses\/artesanato-e-geracao-de-renda\/\">Artesanato e Gera\u00e7\u00e3o de Renda<\/a><\/h3><div class=\"tutor-courses-grid-price\">\t<div class=\"price\">\n\t\tGratuito\t<\/div>\n\t<\/div><\/div><\/div><\/div>","protected":false},"excerpt":{"rendered":"","protected":false},"author":1,"featured_media":0,"parent":4195,"menu_order":0,"comment_status":"closed","ping_status":"closed","template":"categorias-cursos.php","meta":{"qubely_global_settings":"","qubely_interactions":"","footnotes":""},"class_list":["post-6447","page","type-page","status-publish","hentry"],"post_excerpt_docent_pro_core":"","docent_pro_core_image_urls":{"full":"","portrait":"","thumbnail":""},"_links":{"self":[{"href":"http:\/\/institutoacqua.org.br\/ead\/wp-json\/wp\/v2\/pages\/6447","targetHints":{"allow":["GET"]}}],"collection":[{"href":"http:\/\/institutoacqua.org.br\/ead\/wp-json\/wp\/v2\/pages"}],"about":[{"href":"http:\/\/institutoacqua.org.br\/ead\/wp-json\/wp\/v2\/types\/page"}],"author":[{"embeddable":true,"href":"http:\/\/institutoacqua.org.br\/ead\/wp-json\/wp\/v2\/users\/1"}],"replies":[{"embeddable":true,"href":"http:\/\/institutoacqua.org.br\/ead\/wp-json\/wp\/v2\/comments?post=6447"}],"version-history":[{"count":4,"href":"http:\/\/institutoacqua.org.br\/ead\/wp-json\/wp\/v2\/pages\/6447\/revisions"}],"predecessor-version":[{"id":6731,"href":"http:\/\/institutoacqua.org.br\/ead\/wp-json\/wp\/v2\/pages\/6447\/revisions\/6731"}],"up":[{"embeddable":true,"href":"http:\/\/institutoacqua.org.br\/ead\/wp-json\/wp\/v2\/pages\/4195"}],"wp:attachment":[{"href":"http:\/\/institutoacqua.org.br\/ead\/wp-json\/wp\/v2\/media?parent=6447"}],"curies":[{"name":"wp","href":"https:\/\/api.w.org\/{rel}","templated":true}]}}