{"id":6779,"date":"2022-03-23T18:20:29","date_gmt":"2022-03-23T21:20:29","guid":{"rendered":"http:\/\/institutoacqua.org.br\/ead\/?page_id=6779"},"modified":"2023-09-11T15:21:07","modified_gmt":"2023-09-11T18:21:07","slug":"cadastro-colaboradores","status":"publish","type":"page","link":"http:\/\/institutoacqua.org.br\/ead\/cadastro-colaboradores\/","title":{"rendered":"Cadastro exclusivo"},"content":{"rendered":"\n<div class=\"um um-register um-6765\">\n\t<div class=\"um-form\" data-mode=\"register\">\n\t\t<form method=\"post\" action=\"\">\n\t\t\t<div class=\"um-row _um_row_1 \" style=\"margin: 0 0 30px 0;\"><div class=\"um-col-1\"><div  id=\"um_field_6765_user_login\" class=\"um-field um-field-text  um-field-user_login um-field-text um-field-type_text\" data-key=\"user_login\"><div class=\"um-field-label\"><label for=\"user_login-6765\">Usu\u00e1rio<\/label><div class=\"um-clear\"><\/div><\/div><div class=\"um-field-area\"><input  autocomplete=\"off\" class=\"um-form-field valid \" type=\"text\" name=\"user_login-6765\" id=\"user_login-6765\" value=\"\" placeholder=\"\" data-validate=\"unique_username\" data-key=\"user_login\"  aria-invalid=\"false\" \/>\n\n\t\t\t\t\t\t<\/div><\/div><div  id=\"um_field_6765_first_name\" class=\"um-field um-field-text  um-field-first_name um-field-text um-field-type_text\" data-key=\"first_name\"><div class=\"um-field-label\"><label for=\"first_name-6765\">Primeiro Nome<\/label><div class=\"um-clear\"><\/div><\/div><div class=\"um-field-area\"><input  autocomplete=\"off\" class=\"um-form-field valid \" type=\"text\" name=\"first_name-6765\" id=\"first_name-6765\" value=\"\" placeholder=\"\" data-validate=\"\" data-key=\"first_name\"  aria-invalid=\"false\" \/>\n\n\t\t\t\t\t\t<\/div><\/div><div  id=\"um_field_6765_last_name\" class=\"um-field um-field-text  um-field-last_name um-field-text um-field-type_text\" data-key=\"last_name\"><div class=\"um-field-label\"><label for=\"last_name-6765\">Sobrenome<\/label><div class=\"um-clear\"><\/div><\/div><div class=\"um-field-area\"><input  autocomplete=\"off\" class=\"um-form-field valid \" type=\"text\" name=\"last_name-6765\" id=\"last_name-6765\" value=\"\" placeholder=\"\" data-validate=\"\" data-key=\"last_name\"  aria-invalid=\"false\" \/>\n\n\t\t\t\t\t\t<\/div><\/div><div  id=\"um_field_6765_cpf\" class=\"um-field um-field-number  um-field-cpf um-field-number um-field-type_number\" data-key=\"cpf\"><div class=\"um-field-label\"><label for=\"cpf-6765\">CPF<\/label><div class=\"um-clear\"><\/div><\/div><div class=\"um-field-area\"><input  class=\"um-form-field valid \" type=\"number\" name=\"cpf-6765\" id=\"cpf-6765\" value=\"\" placeholder=\"\" data-validate=\"unique_value\" data-key=\"cpf\"   aria-invalid=\"false\" \/>\n\n\t\t\t\t\t\t<\/div><\/div><div  id=\"um_field_6765_unidade\" class=\"um-field um-field-select  um-field-unidade um-field-select um-field-type_select\" data-key=\"unidade\"><div class=\"um-field-label\"><label for=\"unidade-6765\">Unidade<\/label><div class=\"um-clear\"><\/div><\/div><div class=\"um-field-area  \"><select data-default=\"\"     name=\"unidade\" id=\"unidade\" data-validate=\"\" data-key=\"unidade\" class=\"um-form-field valid um-s1 \" style=\"width: 100%\" data-placeholder=\"\"   aria-invalid=\"false\" ><option value=\"\"><\/option><option value=\"Casa Acqua\" >Casa Acqua<\/option><option value=\"Casa de Apoio Ninar\" >Casa de Apoio Ninar<\/option><option value=\"Centro de Hemodi\u00e1lise de Balsas\" >Centro de Hemodi\u00e1lise de Balsas<\/option><option value=\"Centro de Hemodi\u00e1lise de Pinheiro\" >Centro de Hemodi\u00e1lise de Pinheiro<\/option><option value=\"Centro de Hemodi\u00e1lise de Presidente Dutra\" >Centro de Hemodi\u00e1lise de Presidente Dutra<\/option><option value=\"Centro de Refer\u00eancia Ninar\" >Centro de Refer\u00eancia Ninar<\/option><option value=\"Escrit\u00f3rio S\u00e3o Lu\u00eds (MA)\" >Escrit\u00f3rio S\u00e3o Lu\u00eds (MA)<\/option><option value=\"Escrit\u00f3rio Santo Andr\u00e9 (SP)\" >Escrit\u00f3rio Santo Andr\u00e9 (SP)<\/option><option value=\"Escrit\u00f3rio\u00a0Bras\u00edlia\u00a0(DF)\" >Escrit\u00f3rio\u00a0Bras\u00edlia\u00a0(DF)<\/option><option value=\"Hospital da Crian\u00e7a de Colinas\" >Hospital da Crian\u00e7a de Colinas<\/option><option value=\"Hospital da Crian\u00e7a de Presidente M\u00e9dici\" >Hospital da Crian\u00e7a de Presidente M\u00e9dici<\/option><option value=\"Hospital Dr. Carlos Augusto Estorari\" >Hospital Dr. Carlos Augusto Estorari<\/option><option value=\"Hospital Dr. Carlos Macieira (HCM)\" >Hospital Dr. Carlos Macieira (HCM)<\/option><option value=\"Hospital Dr. Jackson Lago\" >Hospital Dr. Jackson Lago<\/option><option value=\"Hospital Infantil Dr. Juv\u00eancio Mattos\" >Hospital Infantil Dr. Juv\u00eancio Mattos<\/option><option value=\"Hospital Inf.\/Mat. Alzir Bernardino Alves (Himaba)\" >Hospital Inf.\/Mat. Alzir Bernardino Alves (Himaba)<\/option><option value=\"Hospital Macrorregional Tom\u00e1s Martins\" >Hospital Macrorregional Tom\u00e1s Martins<\/option><option value=\"Hospital Regional da Costa Leste Magid Thom\u00e9\" >Hospital Regional da Costa Leste Magid Thom\u00e9<\/option><option value=\"Hospital Regional de A\u00e7ail\u00e2ndia\" >Hospital Regional de A\u00e7ail\u00e2ndia<\/option><option value=\"Hospital Regional de Balsas\" >Hospital Regional de Balsas<\/option><option value=\"Hospital Regional de S\u00e3o Mateus\" >Hospital Regional de S\u00e3o Mateus<\/option><option value=\"Hospital Regional Dr. Jos\u00e9 de Simone Netto\" >Hospital Regional Dr. Jos\u00e9 de Simone Netto<\/option><option value=\"Hospital Regional P\u00fablico da Transamaz\u00f4nica\" >Hospital Regional P\u00fablico da Transamaz\u00f4nica<\/option><option value=\"Maternidade Benedito Leite\" >Maternidade Benedito Leite<\/option><option value=\"Maternidade de Alta Complexidade do Maranh\u00e3o\" >Maternidade de Alta Complexidade do Maranh\u00e3o<\/option><option value=\"Maternidade Humberto Coutinho\" >Maternidade Humberto Coutinho<\/option><option value=\"Maternidade Nossa Senhora da Penha\" >Maternidade Nossa Senhora da Penha<\/option><option value=\"Maternidade Pa\u00e7o do Lumiar\" >Maternidade Pa\u00e7o do Lumiar<\/option><option value=\"Policl\u00ednica da Crian\u00e7a\" >Policl\u00ednica da Crian\u00e7a<\/option><option value=\"Policl\u00ednica do Idoso\" >Policl\u00ednica do Idoso<\/option><option value=\"Policl\u00ednica Presidente Dutra\" >Policl\u00ednica Presidente Dutra<\/option><option value=\"Policl\u00ednica Santa In\u00eas\" >Policl\u00ednica Santa In\u00eas<\/option><option value=\"Policl\u00ednica S\u00e3o Bento\" >Policl\u00ednica S\u00e3o Bento<\/option><option value=\"Retaguarda Materna Elisabeth Coelho Vaz\" >Retaguarda Materna Elisabeth Coelho Vaz<\/option><option value=\"Unidade de Especialidades Odontol\u00f3gicas do Maranh\u00e3o Sorrir Caxias\" >Unidade de Especialidades Odontol\u00f3gicas do Maranh\u00e3o Sorrir Caxias<\/option><option value=\"Unidade de Especialidades Odontol\u00f3gicas do Maranh\u00e3o Sorrir Centro\" >Unidade de Especialidades Odontol\u00f3gicas do Maranh\u00e3o Sorrir Centro<\/option><option value=\"Unidade de Especialidades Odontol\u00f3gicas do Maranh\u00e3o Sorrir Coroat\u00e1\" >Unidade de Especialidades Odontol\u00f3gicas do Maranh\u00e3o Sorrir Coroat\u00e1<\/option><option value=\"Unidade de Especialidades Odontol\u00f3gicas do Maranh\u00e3o Sorrir Ilhinha\" >Unidade de Especialidades Odontol\u00f3gicas do Maranh\u00e3o Sorrir Ilhinha<\/option><option value=\"Unidade de Especialidades Odontol\u00f3gicas do Maranh\u00e3o Sorrir M\u00f3vel Santa In\u00eas\" >Unidade de Especialidades Odontol\u00f3gicas do Maranh\u00e3o Sorrir M\u00f3vel Santa In\u00eas<\/option><option value=\"Unidade de Especialidades Odontol\u00f3gicas do Maranh\u00e3o Sorrir Presidente Dutra\" >Unidade de Especialidades Odontol\u00f3gicas do Maranh\u00e3o Sorrir Presidente Dutra<\/option><\/select><\/div><\/div><div  id=\"um_field_6765_user_email\" class=\"um-field um-field-text  um-field-user_email um-field-text um-field-type_text\" data-key=\"user_email\"><div class=\"um-field-label\"><label for=\"user_email-6765\">E-mail<\/label><div class=\"um-clear\"><\/div><\/div><div class=\"um-field-area\"><input  autocomplete=\"off\" class=\"um-form-field valid \" type=\"text\" name=\"user_email-6765\" id=\"user_email-6765\" value=\"\" placeholder=\"\" data-validate=\"unique_email\" data-key=\"user_email\"  aria-invalid=\"false\" \/>\n\n\t\t\t\t\t\t<\/div><\/div><div  id=\"um_field_6765_user_password\" class=\"um-field um-field-password  um-field-user_password um-field-password um-field-type_password\" data-key=\"user_password\"><div class=\"um-field-label\"><label for=\"user_password-6765\">Senha<\/label><div class=\"um-clear\"><\/div><\/div><div class=\"um-field-area\"><input class=\"um-form-field valid \" type=\"password\" name=\"user_password-6765\" id=\"user_password-6765\" value=\"\" placeholder=\"\" data-validate=\"\" data-key=\"user_password\"  aria-invalid=\"false\" \/>\n\n\t\t\t\t\t\t\t<\/div><\/div><div  id=\"um_field_6765_confirm_user_password\" class=\"um-field um-field-password  um-field-user_password um-field-password um-field-type_password\" data-key=\"confirm_user_password\"><div class=\"um-field-label\"><label for=\"confirm_user_password-6765\">Confirmar Senha<\/label><div class=\"um-clear\"><\/div><\/div><div class=\"um-field-area\"><input class=\"um-form-field valid \" type=\"password\" name=\"confirm_user_password-6765\" id=\"confirm_user_password-6765\" value=\"\" placeholder=\"Confirmar Senha\" data-validate=\"\" data-key=\"confirm_user_password\"  aria-invalid=\"false\" \/><\/div><\/div><\/div><\/div>\t<input type=\"hidden\" name=\"form_id\" id=\"form_id_6765\" value=\"6765\" \/>\n\t\t<p class=\"um_request_name\">\n\t\t<label for=\"um_request_6765\">Only fill in if you are not human<\/label>\n\t\t<input type=\"hidden\" name=\"um_request\" id=\"um_request_6765\" class=\"input\" value=\"\" size=\"25\" autocomplete=\"off\" \/>\n\t<\/p>\n\t<input type=\"hidden\" id=\"_wpnonce\" name=\"_wpnonce\" value=\"2669d264f9\" \/><input type=\"hidden\" name=\"_wp_http_referer\" value=\"\/ead\/wp-json\/wp\/v2\/pages\/6779\" \/>\n\t<div class=\"um-col-alt\">\n\n\t\t\n\t\t\t<div class=\"um-center\">\n\t\t\t\t<input type=\"submit\" value=\"Cadastro\" class=\"um-button\" id=\"um-submit-btn\" \/>\n\t\t\t<\/div>\n\n\t\t\n\t\t<div class=\"um-clear\"><\/div>\n\n\t<\/div>\n\n\t\t\t<\/form>\n\t<\/div>\n<\/div>\n<style>\n\t\t\t.um-6765.um {\n\t\t\tmax-width: 450px;\n\t\t}\n\t\t<\/style>\n\n<p>&nbsp;<\/p>\n","protected":false},"excerpt":{"rendered":"<p>&nbsp;<\/p>\n","protected":false},"author":1,"featured_media":0,"parent":0,"menu_order":0,"comment_status":"closed","ping_status":"closed","template":"","meta":{"qubely_global_settings":"","qubely_interactions":"","footnotes":""},"class_list":["post-6779","page","type-page","status-publish","hentry"],"post_excerpt_docent_pro_core":"","docent_pro_core_image_urls":{"full":"","portrait":"","thumbnail":""},"_links":{"self":[{"href":"http:\/\/institutoacqua.org.br\/ead\/wp-json\/wp\/v2\/pages\/6779","targetHints":{"allow":["GET"]}}],"collection":[{"href":"http:\/\/institutoacqua.org.br\/ead\/wp-json\/wp\/v2\/pages"}],"about":[{"href":"http:\/\/institutoacqua.org.br\/ead\/wp-json\/wp\/v2\/types\/page"}],"author":[{"embeddable":true,"href":"http:\/\/institutoacqua.org.br\/ead\/wp-json\/wp\/v2\/users\/1"}],"replies":[{"embeddable":true,"href":"http:\/\/institutoacqua.org.br\/ead\/wp-json\/wp\/v2\/comments?post=6779"}],"version-history":[{"count":9,"href":"http:\/\/institutoacqua.org.br\/ead\/wp-json\/wp\/v2\/pages\/6779\/revisions"}],"predecessor-version":[{"id":9606,"href":"http:\/\/institutoacqua.org.br\/ead\/wp-json\/wp\/v2\/pages\/6779\/revisions\/9606"}],"wp:attachment":[{"href":"http:\/\/institutoacqua.org.br\/ead\/wp-json\/wp\/v2\/media?parent=6779"}],"curies":[{"name":"wp","href":"https:\/\/api.w.org\/{rel}","templated":true}]}}